{"id":10208,"date":"2026-04-15T12:11:10","date_gmt":"2026-04-15T08:11:10","guid":{"rendered":"https:\/\/www.aztu.edu.az\/sdg\/?page_id=10208"},"modified":"2026-04-15T12:26:03","modified_gmt":"2026-04-15T08:26:03","slug":"honorary-graduates","status":"publish","type":"page","link":"https:\/\/www.aztu.edu.az\/sdg\/honorary-graduates\/","title":{"rendered":"Honorary graduates"},"content":{"rendered":"\t\t<div data-elementor-type=\"wp-page\" data-elementor-id=\"10208\" class=\"elementor elementor-10208\">\n\t\t\t\t<div class=\"elementor-element elementor-element-3eea5ce e-flex e-con-boxed e-con e-parent\" data-id=\"3eea5ce\" data-element_type=\"container\" data-e-type=\"container\">\n\t\t\t\t\t<div class=\"e-con-inner\">\n\t\t\t\t<div class=\"elementor-element elementor-element-2608d3f elementor-widget elementor-widget-text-editor\" data-id=\"2608d3f\" data-element_type=\"widget\" data-e-type=\"widget\" data-widget_type=\"text-editor.default\">\n\t\t\t\t<div class=\"elementor-widget-container\">\n\t\t\t\t\t\t\t\t\t<ol><li style=\"font-weight: 400;\"><b><strong>Kamran M\u0259mm\u0259d o\u011flu Ba\u011f\u0131rov<\/strong><\/b><br \/>Az\u0259rbaycan Kommunist Partiyas\u0131 M\u0259rk\u0259zi Komit\u0259sinin birinci katibi (1982-1988)<br \/><span style=\"text-decoration: underline; color: #000080;\"><a style=\"color: #000080; text-decoration: underline;\" href=\"https:\/\/az.wikipedia.org\/wiki\/Kamran_Ba%C4%9F%C4%B1rov\">\u018ftrafl\u0131 m\u0259lumat<\/a><\/span><\/li><\/ol><ol start=\"2\"><li style=\"font-weight: 400;\"><b><strong>H\u0259s\u0259n Neym\u0259t o\u011flu Seyidov<\/strong><\/b><br \/>Az\u0259rbaycan Kommunist Partiyas\u0131 M\u0259rk\u0259zi Komit\u0259sinin katibi (1971-1981), Az\u0259rbaycan SSR Nazirl\u0259r Sovetinin s\u0259dri (1981-1989)<br \/><span style=\"text-decoration: underline; color: #000080;\"><a style=\"color: #000080; text-decoration: underline;\" href=\"https:\/\/az.wikipedia.org\/wiki\/H%C9%99s%C9%99n_Seyidov_(siyas%C9%99t%C3%A7i,_1932)\">\u018ftrafl\u0131 m\u0259lumat<\/a><\/span><\/li><\/ol><ol start=\"3\"><li style=\"font-weight: 400;\"><b><strong>H\u0259s\u0259n \u018fziz o\u011flu H\u0259s\u0259nov<\/strong><\/b><br \/>Az\u0259rbaycan Kommunist Partiyas\u0131 M\u0259rk\u0259zi Komit\u0259sinin katibi (1981-1990), Az\u0259rbaycan SSR Nazirl\u0259r Sovetinin s\u0259dri (1990-1991), Az\u0259rbaycan Respublikas\u0131n\u0131n BMT-d\u0259 n\u00fcmay\u0259nd\u0259si (1992-1993), Az\u0259rbaycan Respublikas\u0131n\u0131n xarici i\u015fl\u0259r naziri (1993-1998), Az\u0259rbaycan Respublikas\u0131n\u0131n Macar\u0131standa s\u0259firi (2004-2010)<br \/><span style=\"text-decoration: underline; color: #000080;\"><a style=\"color: #000080; text-decoration: underline;\" href=\"https:\/\/az.wikipedia.org\/wiki\/H%C9%99s%C9%99n_H%C9%99s%C9%99nov_(siyas%C9%99t%C3%A7i)\">\u018ftrafl\u0131 m\u0259luma<\/a><\/span><\/li><\/ol><ol start=\"4\"><li style=\"font-weight: 400;\"><b><strong>Rafiq R\u0259sul o\u011flu X\u0259l\u0259fov<\/strong><\/b><br \/>Az\u0259rbaycan SSR avtomobil yollar\u0131n\u0131n tikintisi v\u0259 istismar\u0131 naziri (1979-1989)<br \/><span style=\"text-decoration: underline; color: #000080;\"><a style=\"color: #000080; text-decoration: underline;\" href=\"https:\/\/az.wikipedia.org\/wiki\/Rafiq_X%C9%99l%C9%99fov\">\u018ftrafl\u0131 m\u0259lumat<\/a><\/span><\/li><\/ol><ol start=\"5\"><li style=\"font-weight: 400;\"><b><strong>Yaqub Abdulla o\u011flu Eyyubov<\/strong><\/b><br \/>Az\u0259rbaycan Respublikas\u0131 Ba\u015f nazirin birinci m\u00fcavini<br \/><span style=\"text-decoration: underline;\"><span style=\"color: #000080;\"><a style=\"color: #000080; text-decoration: underline;\" href=\"https:\/\/az.wikipedia.org\/wiki\/Yaqub_Eyyubov\">\u018ftrafl\u0131 m\u0259lumat<\/a><\/span><\/span><\/li><\/ol><ol start=\"6\"><li style=\"font-weight: 400;\"><b><strong>Abid Qoca o\u011flu \u015e\u0259rifov<\/strong><\/b><br \/>Az\u0259rbaycan Respublikas\u0131 Ba\u015f nazirinin m\u00fcavini (1995-2018)<br \/><span style=\"text-decoration: underline; color: #000080;\"><a style=\"color: #000080; text-decoration: underline;\" href=\"https:\/\/az.wikipedia.org\/wiki\/Abid_%C5%9E%C9%99rifov\">\u018ftrafl\u0131 m\u0259lumat<\/a><\/span><\/li><\/ol><ol start=\"7\"><li style=\"font-weight: 400;\"><b><strong>Vahid Qazm\u0259mm\u0259d o\u011flu \u018fhm\u0259dov<\/strong><\/b><br \/>Az\u0259rbaycan Respublikas\u0131 Ba\u015f nazirinin birinci m\u00fcavini (1992-1994), Az\u0259rbaycan Respublikas\u0131 Milli M\u0259clisinin deputat\u0131<br \/><span style=\"text-decoration: underline; color: #000080;\"><a style=\"color: #000080; text-decoration: underline;\" href=\"https:\/\/az.wikipedia.org\/wiki\/Vahid_%C6%8Fhm%C9%99dov\">\u018ftrafl\u0131 m\u0259lumat<\/a><\/span><\/li><\/ol><ol start=\"8\"><li style=\"font-weight: 400;\"><b><strong>Fuad \u018fnv\u0259r o\u011flu Musayev<\/strong><\/b><br \/>Az\u0259rbaycan SSR k\u0259nd t\u0259s\u0259rr\u00fcfat\u0131 nazirinin birinci m\u00fcavini (1975-1977), AFFA-n\u0131n prezidenti (1992-2003)<br \/><span style=\"text-decoration: underline; color: #000080;\"><a style=\"color: #000080; text-decoration: underline;\" href=\"https:\/\/az.wikipedia.org\/wiki\/Fuad_Musayev\">\u018ftrafl\u0131 m\u0259lumat<\/a><\/span><\/li><\/ol><ol start=\"9\"><li style=\"font-weight: 400;\"><b><strong>Maqsud M\u0259mm\u0259dibrahim o\u011flu \u0130brahimb\u0259yov<\/strong><\/b><br \/>Az\u0259rbaycan Respublikas\u0131n\u0131n xalq yaz\u0131\u00e7\u0131s\u0131, kinodramaturq, rejissor, &#8220;\u015e\u00f6hr\u0259t&#8221; (1995), &#8220;\u0130stiqlal&#8221; (2005) v\u0259 &#8220;\u015e\u0259r\u0259f&#8221; (2015) ordenl\u0259ri laureat\u0131<br \/><span style=\"text-decoration: underline; color: #000080;\"><a style=\"color: #000080; text-decoration: underline;\" href=\"https:\/\/az.wikipedia.org\/wiki\/Maqsud_%C4%B0brahimb%C9%99yov\">\u018ftrafl\u0131 m\u0259lumat<\/a><\/span><\/li><\/ol><ol start=\"10\"><li style=\"font-weight: 400;\"><b><strong>M\u00fcrs\u0259l \u018fl\u0259kb\u0259r o\u011flu Babayev<\/strong><\/b><br \/>Az\u0259rbaycan SSR Avtomobil N\u0259qliyyat\u0131 naziri (1970-1979)<br \/><span style=\"text-decoration: underline; color: #000080;\"><a style=\"color: #000080; text-decoration: underline;\" href=\"https:\/\/az.wikipedia.org\/wiki\/M%C3%BCrs%C9%99l_Babayev\">\u018ftrafl\u0131 m\u0259lumat<\/a><\/span><\/li><\/ol><ol start=\"11\"><li style=\"font-weight: 400;\"><b><strong>Ayd\u0131n Yusif o\u011flu M\u0259mm\u0259dov<\/strong><\/b><br \/>Az\u0259rbaycan SSR Xalq N\u0259zar\u0259ti Komit\u0259sinin s\u0259dri (1988-1991), Az\u0259rbaycan SSR Ali Sovetinin VIII, IX, X v\u0259 XI \u00e7a\u011f\u0131r\u0131\u015f deputat\u0131 (1971-1990)<br \/><span style=\"text-decoration: underline; color: #000080;\"><a style=\"color: #000080; text-decoration: underline;\" href=\"https:\/\/az.wikipedia.org\/wiki\/Ayd%C4%B1n_M%C9%99mm%C9%99dov\">\u018ftrafl\u0131 m\u0259lumat<\/a><\/span><\/li><\/ol><ol start=\"12\"><li style=\"font-weight: 400;\"><b><strong>\u0130mran \u018fzim o\u011flu Mehdiyev<\/strong><\/b><br \/>Nax\u00e7\u0131van Muxtar Respublikas\u0131 Nazirl\u0259r Sovetinin s\u0259dri (1979-1982)<br \/><span style=\"text-decoration: underline;\"><span style=\"color: #000080;\"><a style=\"color: #000080; text-decoration: underline;\" href=\"https:\/\/az.wikipedia.org\/wiki\/%C4%B0mran_Mehdiyev\">\u018ftrafl\u0131 m\u0259lumat<\/a><\/span><\/span><\/li><\/ol><ol start=\"13\"><li style=\"font-weight: 400;\"><b><strong>\u015eair N\u0259cm\u0259ddin o\u011flu H\u0259s\u0259nov<\/strong><\/b><br \/>Az\u0259rbaycan Respublikas\u0131 Tikinti v\u0259 Arxitektura Komit\u0259sinin s\u0259dri (2001\u20132006), M\u0259nzil-Kommunal T\u0259s\u0259rr\u00fcfat\u0131 Komit\u0259sinin s\u0259dri (1999\u20132001), Az\u0259rbaycan SSR tikinti materiallar\u0131 s\u0259nayesi naziri (1990\u20131991), Az\u0259rbaycan SSR D\u00f6vl\u0259t Aqrar S\u0259naye Komit\u0259si s\u0259drinin m\u00fcavini (1986\u20131989), Az\u0259rbaycan SSR k\u0259nd tikintisi naziri (1983\u20131985).<br \/><span style=\"text-decoration: underline;\"><span style=\"color: #000080;\"><a style=\"color: #000080; text-decoration: underline;\" href=\"https:\/\/az.wikipedia.org\/wiki\/%C5%9Eair_H%C9%99s%C9%99nov\">\u018ftrafl\u0131 m\u0259lumat<\/a><\/span><\/span><\/li><\/ol><ol start=\"14\"><li style=\"font-weight: 400;\"><b><strong>Araz \u0130sg\u0259nd\u0259r o\u011flu A\u011falarov<\/strong><\/b><br \/>i\u015f adam\u0131<br \/><span style=\"text-decoration: underline; color: #000080;\"><a style=\"color: #000080; text-decoration: underline;\" href=\"https:\/\/az.wikipedia.org\/wiki\/Araz_A%C4%9Falarov\">\u018ftrafl\u0131 m\u0259lumat<\/a><\/span><\/li><\/ol><ol start=\"15\"><li style=\"font-weight: 400;\"><b><strong>A\u011facan Qulam o\u011flu Ab\u0131yev<\/strong><\/b><br \/>Az\u0259rbaycan Boks Federasiyas\u0131n\u0131n vitse-prezidenti, Az\u0259rbaycan Respublikas\u0131 Milli M\u0259clisinin deputat\u0131 (2005-2020), Az\u0259rbaycan D\u00f6vl\u0259t B\u0259d\u0259n T\u0259rbiy\u0259si v\u0259 \u0130dman Akademiyas\u0131n\u0131n rektoru (1987 &#8211; 2015)<br \/><span style=\"text-decoration: underline;\"><span style=\"color: #000080;\"><a style=\"color: #000080; text-decoration: underline;\" href=\"https:\/\/az.wikipedia.org\/wiki\/A%C4%9Facan_Ab%C4%B1yev\">\u018ftrafl\u0131 m\u0259lumat<\/a><\/span><\/span><\/li><\/ol><ol start=\"16\"><li style=\"font-weight: 400;\"><b><strong>Rasim M\u0259h\u0259mm\u0259d o\u011flu \u018fliquliyev<\/strong><\/b><br \/>Az\u0259rbaycan Milli Elml\u0259r Akademiyas\u0131n\u0131n (AMEA) h\u0259qiqi \u00fczv\u00fc, AMEA-n\u0131n vitse-prezidenti, AMEA \u0130nformasiya Texnologiyalar\u0131 \u0130nstitutunun ba\u015f direktoru, texnika elml\u0259ri doktoru, professor<br \/><span style=\"text-decoration: underline;\"><span style=\"color: #000080;\"><a style=\"color: #000080; text-decoration: underline;\" href=\"https:\/\/science.gov.az\/az\/forms\/deystvitelnyie-chlenyi\/1108\">\u018ftrafl\u0131 m\u0259lumat<\/a><\/span><\/span><\/li><\/ol><ol start=\"17\"><li style=\"font-weight: 400;\"><b><strong>Ta\u011f\u0131 M\u0259h\u0259mm\u0259d o\u011flu \u018fhm\u0259dov<\/strong><\/b><br \/>Bak\u0131 Metropoliteninin (1998\u20132014), Az\u0259rbaycan Dama Federasiyas\u0131n\u0131n vitse-prezidenti<br \/><span style=\"text-decoration: underline;\"><span style=\"color: #000080;\"><a style=\"color: #000080; text-decoration: underline;\" href=\"https:\/\/az.wikipedia.org\/wiki\/Ta%C4%9F%C4%B1_%C6%8Fhm%C9%99dov\">\u018ftrafl\u0131 m\u0259lumat<\/a><\/span><\/span><\/li><\/ol><ol start=\"18\"><li style=\"font-weight: 400;\"><b><strong>B\u0259yl\u0259r H\u0259s\u0259n o\u011flu \u018fyyubov<\/strong><\/b><br \/>Az\u0259rbaycan Respublikas\u0131 Prezidentinin T\u0259hl\u00fck\u0259sizlik Xidm\u0259tinin r\u0259isi, general-polkovnik<br \/><span style=\"text-decoration: underline;\"><span style=\"color: #000080;\"><a style=\"color: #000080; text-decoration: underline;\" href=\"https:\/\/az.wikipedia.org\/wiki\/B%C9%99yl%C9%99r_Eyyubov\">\u018ftrafl\u0131 m\u0259lumat<\/a><\/span><\/span><\/li><\/ol><ol start=\"19\"><li style=\"font-weight: 400;\"><b><strong>\u018flia\u011fa \u0130zz\u0259t o\u011flu H\u00fcseynov<\/strong><\/b><br \/>Az\u0259rbaycan Respublikas\u0131n\u0131n H\u0259rbi Komissar\u0131 (1998\u20132009), Salyan Rayon \u0130cra Hakimiyy\u0259tinin ba\u015f\u00e7\u0131s\u0131 (2009\u20132010), Az\u0259rbaycan Respublikas\u0131n\u0131n Milli M\u0259clisi IV v\u0259 V \u00e7a\u011f\u0131r\u0131\u015f deputat\u0131 (2010\u20132020), ehtiyyatda olan general-leytenant<br \/><a href=\"https:\/\/az.wikipedia.org\/wiki\/%C6%8Flia%C4%9Fa_H%C3%BCseynov\"><span style=\"text-decoration: underline;\"><span style=\"color: #000080; text-decoration: underline;\">\u018ftrafl\u0131 m\u0259lumat<\/span><\/span><\/a><\/li><\/ol><ol start=\"20\"><li style=\"font-weight: 400;\"><b><strong>Ramiz \u015e\u0259ms\u0259d o\u011flu Mirz\u0259yev<\/strong><\/b><br \/>Az\u0259rbaycan Respublikas\u0131 D\u00f6vl\u0259t Neft \u015eirk\u0259ti &#8220;Az\u0259rneftya\u011f&#8221; istehsalat birliyinin ba\u015f direktoru (1997-2003) &#8220;Az\u0259rneftya\u011f&#8221; neft emal\u0131 zavodunun direktoru (2003-2006)<br \/><span style=\"text-decoration: underline; color: #000080;\"><a style=\"color: #000080; text-decoration: underline;\" href=\"https:\/\/az.wikipedia.org\/wiki\/Ramiz_Mirz%C9%99yev_(AFFA)\">\u018ftrafl\u0131 m\u0259lumat<\/a><\/span><\/li><\/ol><ol start=\"21\"><li style=\"font-weight: 400;\"><b><strong>Mixail Yuryevi\u00e7 Zabelin<\/strong><\/b><br \/>Az\u0259rbaycan Respublikas\u0131 Milli M\u0259clisinin I, II, III, IV, V v\u0259 VI \u00e7a\u011f\u0131r\u0131\u015f deputat\u0131, Az\u0259rbaycan Rus \u0130cmas\u0131n\u0131n s\u0259dri<br \/><span style=\"text-decoration: underline; color: #000080;\"><a style=\"color: #000080; text-decoration: underline;\" href=\"https:\/\/az.wikipedia.org\/wiki\/Mixail_Zabelin\">\u018ftrafl\u0131 m\u0259lumat<\/a><\/span><\/li><\/ol><ol start=\"22\"><li style=\"font-weight: 400;\"><b><strong>Zahid M\u0259h\u0259rr\u0259m o\u011flu Orucov<\/strong><\/b><br \/>Az\u0259rbaycan Respublikas\u0131n\u0131n Milli M\u0259clisi II, III, IV, V v\u0259 VI \u00e7a\u011f\u0131r\u0131\u015f deputat\u0131, Sosial T\u0259dqiqatlar M\u0259rk\u0259zinin \u0130dar\u0259 Hey\u0259tinin s\u0259dri<br \/><span style=\"text-decoration: underline; color: #000080;\"><a style=\"color: #000080; text-decoration: underline;\" href=\"https:\/\/az.wikipedia.org\/wiki\/Zahid_Oruc\">\u018ftrafl\u0131 m\u0259lumat<\/a><\/span><\/li><\/ol><ol start=\"23\"><li style=\"font-weight: 400;\"><b><strong>Rauf Xosrov o\u011flu Sad\u0131xov<\/strong><\/b><br \/>Belarus D\u00f6vl\u0259t Universitetinin kafedra m\u00fcdiri (1995-2015), Belarus Respublikas\u0131n\u0131n Prezident t\u0259qa\u00fcd\u00fc (2000), Belarus D\u00f6vl\u0259t M\u00fckafat\u0131 Laureat\u0131, \u00a0Belarus Respublikas\u0131nda Obrazlar\u0131n Tan\u0131nmas\u0131 v\u0259 T\u0259svirl\u0259rin Emal\u0131 Beyn\u0259lxalq Assosiasiyas\u0131n\u0131n vitse-prezidenti (1996-2015); Beyn\u0259lxalq Elektrik M\u00fch\u0259ndisl\u0259ri \u0130nstitutunun (IEE, \u0130ngilt\u0259r\u0259, London) \u00fczv\u00fc (1997-2015); Belarus Respublikas\u0131 Ali Attestasiya Komissiyas\u0131n\u0131n Komp\u00fcter Elml\u0259ri \u00fczr\u0259 Ekspert \u015euras\u0131 s\u0259drinin m\u00fcavini (2001-2015)<br \/><span style=\"text-decoration: underline; color: #000080;\"><a style=\"color: #000080; text-decoration: underline;\" href=\"https:\/\/azerbaycan.li\/2021\/08\/05\/sadixov-rauf-xosrov-oglu\/\">\u018ftrafl\u0131 m\u0259lumat<\/a><\/span><\/li><\/ol><ol start=\"24\"><li style=\"font-weight: 400;\"><b><strong>\u0130lham \u0130smay\u0131l o\u011flu \u018fliyev<\/strong><\/b><br \/>Az\u0259rbaycan Memarlar \u0130ttifaq\u0131n\u0131n prezidenti (1992\u20132002), \u015e\u0259rq \u00f6lk\u0259l\u0259ri Beyn\u0259lxalq Memarl\u0131q Akademiyas\u0131n\u0131n akademiki, Az\u0259rbaycan SSR \u0259m\u0259kdar arxitektoru (1979)<br \/><span style=\"text-decoration: underline; color: #000080;\"><a style=\"color: #000080; text-decoration: underline;\" href=\"https:\/\/az.wikipedia.org\/wiki\/%C4%B0lham_%C6%8Fliyev_(memar)\">\u018ftrafl\u0131 m\u0259lumat<\/a><\/span><\/li><\/ol><ol start=\"25\"><li style=\"font-weight: 400;\"><b><strong>Hac\u0131 \u018fli M\u0259mm\u0259dov<\/strong><\/b><br \/>Az\u0259rbaycan Respublikas\u0131 \u018frazil\u0259rin B\u0259rpas\u0131 v\u0259 Yenid\u0259n Qurulmas\u0131 \u00fczr\u0259 Agentliyin b\u0430\u015f dir\u0435kt\u043eru (1997-2021), Az\u0259rbaycan Respublikas\u0131n\u0131n \u0259m\u0259kdar m\u00fch\u0259ndisi<br \/><span style=\"text-decoration: underline; color: #000080;\"><a style=\"color: #000080; text-decoration: underline;\" href=\"https:\/\/az.wikipedia.org\/wiki\/Hac%C4%B1_%C6%8Fli_M%C9%99mm%C9%99dov\">\u018ftrafl\u0131 m\u0259lumat<\/a><\/span><\/li><\/ol><ol start=\"26\"><li style=\"font-weight: 400;\"><b><strong>\u018fhm\u0259d Cuma o\u011flu \u018fhm\u0259dzad\u0259<\/strong><\/b><br \/>Az\u0259rbaycan Respublikas\u0131 Meliorasiya v\u0259 Su T\u0259s\u0259rr\u00fcfat\u0131 ASC-nin s\u0259dri (2006\u20132021)<br \/><span style=\"text-decoration: underline; color: #000080;\"><a style=\"color: #000080; text-decoration: underline;\" href=\"https:\/\/az.wikipedia.org\/wiki\/%C6%8Fhm%C9%99d_%C6%8Fhm%C9%99dzad%C9%99_(siyas%C9%99t%C3%A7i)\">\u018ftrafl\u0131 m\u0259lumat<\/a><\/span><\/li><\/ol><ol start=\"27\"><li style=\"font-weight: 400;\"><b><strong>Havar \u018fmir o\u011flu M\u0259mm\u0259dov<\/strong><\/b><br \/>Bak\u0131 M\u00fch\u0259ndislik Universitetinin rektoru<br \/><a href=\"https:\/\/az.wikipedia.org\/wiki\/Havar_M%C9%99mm%C9%99dov\"><span style=\"text-decoration: underline; color: #000080;\">\u018ftrafl\u0131 m\u0259lumat<\/span><\/a><\/li><\/ol><ol start=\"28\"><li style=\"font-weight: 400;\"><b><strong>Samir Rafiq o\u011flu Nuriyev<\/strong><\/b><br \/>Az\u0259rbaycan Respublikas\u0131 Prezidentinin Administrasiyas\u0131n\u0131n r\u0259hb\u0259ri<br \/><span style=\"text-decoration: underline; color: #000080;\"><a style=\"color: #000080; text-decoration: underline;\" href=\"https:\/\/az.wikipedia.org\/wiki\/Samir_Nuriyev\">\u018ftrafl\u0131 m\u0259lumat<\/a><\/span><\/li><\/ol><ol start=\"29\"><li style=\"font-weight: 400;\"><b><strong>Taleh Tahir o\u011flu Kaz\u0131mov<\/strong><\/b><br \/>Az\u0259rbaycan Respublikas\u0131 M\u0259rk\u0259zi Bank\u0131n\u0131n s\u0259dri<br \/><span style=\"text-decoration: underline; color: #000080;\"><a style=\"color: #000080; text-decoration: underline;\" href=\"https:\/\/az.wikipedia.org\/wiki\/Taleh_Kaz%C4%B1mov\">\u018ftrafl\u0131 m\u0259lumat<\/a><\/span><\/li><\/ol>\t\t\t\t\t\t\t\t<\/div>\n\t\t\t\t<\/div>\n\t\t\t\t\t<\/div>\n\t\t\t\t<\/div>\n\t\t\t\t<\/div>\n\t\t","protected":false},"excerpt":{"rendered":"<p>Kamran M\u0259mm\u0259d o\u011flu Ba\u011f\u0131rovAz\u0259rbaycan Kommunist Partiyas\u0131 M\u0259rk\u0259zi Komit\u0259sinin birinci katibi<\/p>\n","protected":false},"author":1,"featured_media":0,"parent":0,"menu_order":0,"comment_status":"closed","ping_status":"closed","template":"","meta":{"footnotes":""},"class_list":["post-10208","page","type-page","status-publish"],"rttpg_featured_image_url":null,"rttpg_author":{"display_name":"SDG","author_link":"https:\/\/www.aztu.edu.az\/sdg\/author\/admin\/"},"rttpg_comment":0,"rttpg_category":null,"rttpg_excerpt":"Kamran M\u0259mm\u0259d o\u011flu Ba\u011f\u0131rovAz\u0259rbaycan Kommunist Partiyas\u0131 M\u0259rk\u0259zi Komit\u0259sinin birinci katibi","_links":{"self":[{"href":"https:\/\/www.aztu.edu.az\/sdg\/wp-json\/wp\/v2\/pages\/10208","targetHints":{"allow":["GET"]}}],"collection":[{"href":"https:\/\/www.aztu.edu.az\/sdg\/wp-json\/wp\/v2\/pages"}],"about":[{"href":"https:\/\/www.aztu.edu.az\/sdg\/wp-json\/wp\/v2\/types\/page"}],"author":[{"embeddable":true,"href":"https:\/\/www.aztu.edu.az\/sdg\/wp-json\/wp\/v2\/users\/1"}],"replies":[{"embeddable":true,"href":"https:\/\/www.aztu.edu.az\/sdg\/wp-json\/wp\/v2\/comments?post=10208"}],"version-history":[{"count":7,"href":"https:\/\/www.aztu.edu.az\/sdg\/wp-json\/wp\/v2\/pages\/10208\/revisions"}],"predecessor-version":[{"id":10216,"href":"https:\/\/www.aztu.edu.az\/sdg\/wp-json\/wp\/v2\/pages\/10208\/revisions\/10216"}],"wp:attachment":[{"href":"https:\/\/www.aztu.edu.az\/sdg\/wp-json\/wp\/v2\/media?parent=10208"}],"curies":[{"name":"wp","href":"https:\/\/api.w.org\/{rel}","templated":true}]}}