{"id":578,"date":"2024-02-23T05:38:34","date_gmt":"2024-02-23T05:38:34","guid":{"rendered":"https:\/\/www.aztu.edu.az\/sub-site\/?page_id=578"},"modified":"2024-04-09T10:36:04","modified_gmt":"2024-04-09T06:36:04","slug":"isteam","status":"publish","type":"page","link":"https:\/\/www.aztu.edu.az\/sub-site\/uniclad\/isteam\/","title":{"rendered":"\u0130nnovativ Texnologiyalar M\u0259rk\u0259zi"},"content":{"rendered":"\t\t<div data-elementor-type=\"wp-page\" data-elementor-id=\"578\" class=\"elementor elementor-578\">\n\t\t\t\t<div class=\"elementor-element elementor-element-1d8c3e4 e-flex e-con-boxed e-con e-parent\" data-id=\"1d8c3e4\" data-element_type=\"container\">\n\t\t\t\t\t<div class=\"e-con-inner\">\n\t\t\t\t<div class=\"elementor-element elementor-element-f3280a1 elementor-widget elementor-widget-heading\" data-id=\"f3280a1\" data-element_type=\"widget\" data-widget_type=\"heading.default\">\n\t\t\t\t<div class=\"elementor-widget-container\">\n\t\t\t<style>\/*! elementor - v3.21.0 - 30-04-2024 *\/\n.elementor-heading-title{padding:0;margin:0;line-height:1}.elementor-widget-heading .elementor-heading-title[class*=elementor-size-]>a{color:inherit;font-size:inherit;line-height:inherit}.elementor-widget-heading .elementor-heading-title.elementor-size-small{font-size:15px}.elementor-widget-heading .elementor-heading-title.elementor-size-medium{font-size:19px}.elementor-widget-heading .elementor-heading-title.elementor-size-large{font-size:29px}.elementor-widget-heading .elementor-heading-title.elementor-size-xl{font-size:39px}.elementor-widget-heading .elementor-heading-title.elementor-size-xxl{font-size:59px}<\/style><h2 class=\"elementor-heading-title elementor-size-default\">T\u0259liml\u0259r<\/h2>\t\t<\/div>\n\t\t\t\t<\/div>\n\t\t\t\t\t<\/div>\n\t\t\t\t<\/div>\n\t\t<div class=\"elementor-element elementor-element-5a752de e-grid e-con-boxed e-con e-parent\" data-id=\"5a752de\" data-element_type=\"container\">\n\t\t\t\t\t<div class=\"e-con-inner\">\n\t\t\t\t<div class=\"elementor-element elementor-element-e0cd282 elementor-widget elementor-widget-image\" data-id=\"e0cd282\" data-element_type=\"widget\" data-widget_type=\"image.default\">\n\t\t\t\t<div class=\"elementor-widget-container\">\n\t\t\t<style>\/*! elementor - v3.21.0 - 30-04-2024 *\/\n.elementor-widget-image{text-align:center}.elementor-widget-image a{display:inline-block}.elementor-widget-image a img[src$=\".svg\"]{width:48px}.elementor-widget-image img{vertical-align:middle;display:inline-block}<\/style>\t\t\t\t\t\t\t\t\t\t<img fetchpriority=\"high\" decoding=\"async\" width=\"800\" height=\"600\" src=\"https:\/\/www.aztu.edu.az\/sub-site\/wp-content\/uploads\/2024\/04\/IMG_9875-1024x768.jpg\" class=\"attachment-large size-large wp-image-958\" alt=\"\" srcset=\"https:\/\/www.aztu.edu.az\/sub-site\/wp-content\/uploads\/2024\/04\/IMG_9875-1024x768.jpg 1024w, https:\/\/www.aztu.edu.az\/sub-site\/wp-content\/uploads\/2024\/04\/IMG_9875-300x225.jpg 300w, https:\/\/www.aztu.edu.az\/sub-site\/wp-content\/uploads\/2024\/04\/IMG_9875-768x576.jpg 768w, https:\/\/www.aztu.edu.az\/sub-site\/wp-content\/uploads\/2024\/04\/IMG_9875-1536x1152.jpg 1536w, https:\/\/www.aztu.edu.az\/sub-site\/wp-content\/uploads\/2024\/04\/IMG_9875-2048x1536.jpg 2048w\" sizes=\"(max-width: 800px) 100vw, 800px\" \/>\t\t\t\t\t\t\t\t\t\t\t\t\t<\/div>\n\t\t\t\t<\/div>\n\t\t\t\t<div class=\"elementor-element elementor-element-62d062b elementor-widget elementor-widget-image\" data-id=\"62d062b\" data-element_type=\"widget\" data-widget_type=\"image.default\">\n\t\t\t\t<div class=\"elementor-widget-container\">\n\t\t\t\t\t\t\t\t\t\t\t\t\t<img decoding=\"async\" width=\"800\" height=\"600\" src=\"https:\/\/www.aztu.edu.az\/sub-site\/wp-content\/uploads\/2024\/04\/IMG_9873-1024x768.jpg\" class=\"attachment-large size-large wp-image-959\" alt=\"\" srcset=\"https:\/\/www.aztu.edu.az\/sub-site\/wp-content\/uploads\/2024\/04\/IMG_9873-1024x768.jpg 1024w, https:\/\/www.aztu.edu.az\/sub-site\/wp-content\/uploads\/2024\/04\/IMG_9873-300x225.jpg 300w, https:\/\/www.aztu.edu.az\/sub-site\/wp-content\/uploads\/2024\/04\/IMG_9873-768x576.jpg 768w, https:\/\/www.aztu.edu.az\/sub-site\/wp-content\/uploads\/2024\/04\/IMG_9873-1536x1152.jpg 1536w, https:\/\/www.aztu.edu.az\/sub-site\/wp-content\/uploads\/2024\/04\/IMG_9873-2048x1536.jpg 2048w\" sizes=\"(max-width: 800px) 100vw, 800px\" \/>\t\t\t\t\t\t\t\t\t\t\t\t\t<\/div>\n\t\t\t\t<\/div>\n\t\t\t\t\t<\/div>\n\t\t\t\t<\/div>\n\t\t<div class=\"elementor-element elementor-element-6153264 e-flex e-con-boxed e-con e-parent\" data-id=\"6153264\" data-element_type=\"container\">\n\t\t\t\t\t<div class=\"e-con-inner\">\n\t\t\t\t<div class=\"elementor-element elementor-element-b234a2c elementor-widget elementor-widget-text-editor\" data-id=\"b234a2c\" data-element_type=\"widget\" data-widget_type=\"text-editor.default\">\n\t\t\t\t<div class=\"elementor-widget-container\">\n\t\t\t<style>\/*! elementor - v3.21.0 - 30-04-2024 *\/\n.elementor-widget-text-editor.elementor-drop-cap-view-stacked .elementor-drop-cap{background-color:#69727d;color:#fff}.elementor-widget-text-editor.elementor-drop-cap-view-framed .elementor-drop-cap{color:#69727d;border:3px solid;background-color:transparent}.elementor-widget-text-editor:not(.elementor-drop-cap-view-default) .elementor-drop-cap{margin-top:8px}.elementor-widget-text-editor:not(.elementor-drop-cap-view-default) .elementor-drop-cap-letter{width:1em;height:1em}.elementor-widget-text-editor .elementor-drop-cap{float:left;text-align:center;line-height:1;font-size:50px}.elementor-widget-text-editor .elementor-drop-cap-letter{display:inline-block}<\/style>\t\t\t\t<p><a style=\"font-weight: var( --e-global-typography-text-font-weight ); word-spacing: normal; background-color: #ffffff; color: #000000; font-family: 'Source Sans Pro', 'Helvetica Neue', Helvetica, Arial, sans-serif; font-size: 21.3333px; text-align: center;\" href=\"https:\/\/coolsymbol.com\/copy\/Check_Mark_Symbol_%E2%9C%93\">\u2713<\/a>\u00a0<span style=\"color: #000000;\">Layih\u0259l\u0259rin \u0130dar\u0259olunmas\u0131<\/span><\/p><p><a style=\"font-weight: var( --e-global-typography-text-font-weight ); word-spacing: normal; background-color: #ffffff; color: #000000; font-family: 'Source Sans Pro', 'Helvetica Neue', Helvetica, Arial, sans-serif; font-size: 21.3333px; text-align: center;\" href=\"https:\/\/coolsymbol.com\/copy\/Check_Mark_Symbol_%E2%9C%93\">\u2713<\/a>\u00a0<span style=\"color: #000000;\">Layih\u0259 konseptinin haz\u0131rlanmas\u0131<\/span><\/p><p><a style=\"font-weight: var( --e-global-typography-text-font-weight ); word-spacing: normal; background-color: #ffffff; color: #000000; font-family: 'Source Sans Pro', 'Helvetica Neue', Helvetica, Arial, sans-serif; font-size: 21.3333px; text-align: center;\" href=\"https:\/\/coolsymbol.com\/copy\/Check_Mark_Symbol_%E2%9C%93\">\u2713<\/a>\u00a0<span style=\"color: #000000;\">M\u0259lumatlar \u00fcz\u0259rind\u0259n \u00e7evik q\u0259rar q\u0259bul etm\u0259 mexanizml\u0259ri<\/span><\/p><p><a style=\"font-weight: var( --e-global-typography-text-font-weight ); word-spacing: normal; background-color: #ffffff; color: #000000; font-family: 'Source Sans Pro', 'Helvetica Neue', Helvetica, Arial, sans-serif; font-size: 21.3333px; text-align: center;\" href=\"https:\/\/coolsymbol.com\/copy\/Check_Mark_Symbol_%E2%9C%93\">\u2713<\/a>\u00a0<span style=\"color: #000000;\">Innovasiya Menecmenti<\/span><\/p><p><a style=\"font-weight: var( --e-global-typography-text-font-weight ); word-spacing: normal; background-color: #ffffff; color: #000000; font-family: 'Source Sans Pro', 'Helvetica Neue', Helvetica, Arial, sans-serif; font-size: 21.3333px; text-align: center;\" href=\"https:\/\/coolsymbol.com\/copy\/Check_Mark_Symbol_%E2%9C%93\">\u2713<\/a>\u00a0<span style=\"color: #000000;\">M\u0259hsulun inki\u015faf etdirilm\u0259si<\/span><\/p><p><a style=\"font-weight: var( --e-global-typography-text-font-weight ); word-spacing: normal; background-color: #ffffff; color: #000000; font-family: 'Source Sans Pro', 'Helvetica Neue', Helvetica, Arial, sans-serif; font-size: 21.3333px; text-align: center;\" href=\"https:\/\/coolsymbol.com\/copy\/Check_Mark_Symbol_%E2%9C%93\">\u2713<\/a>\u00a0<span style=\"color: #000000;\">Dayan\u0131ql\u0131l\u0131q prinsipl\u0259ri<\/span><\/p><p><a style=\"font-weight: var( --e-global-typography-text-font-weight ); word-spacing: normal; background-color: #ffffff; color: #000000; font-family: 'Source Sans Pro', 'Helvetica Neue', Helvetica, Arial, sans-serif; font-size: 21.3333px; text-align: center;\" href=\"https:\/\/coolsymbol.com\/copy\/Check_Mark_Symbol_%E2%9C%93\">\u2713<\/a>\u00a0<span style=\"color: #000000;\">\u0130T texnologiyalar\u0131n Marketinqi<\/span><\/p>\t\t\t\t\t\t<\/div>\n\t\t\t\t<\/div>\n\t\t\t\t\t<\/div>\n\t\t\t\t<\/div>\n\t\t<div class=\"elementor-element elementor-element-e73ad45 e-flex e-con-boxed e-con e-parent\" data-id=\"e73ad45\" data-element_type=\"container\">\n\t\t\t\t\t<div class=\"e-con-inner\">\n\t\t\t\t<div class=\"elementor-element elementor-element-5e1bcdd elementor-widget elementor-widget-text-editor\" data-id=\"5e1bcdd\" data-element_type=\"widget\" data-widget_type=\"text-editor.default\">\n\t\t\t\t<div class=\"elementor-widget-container\">\n\t\t\t\t\t\t\t<p><span style=\"color: #000000;\"><strong>Resurslar<\/strong><\/span><\/p><p><span style=\"text-decoration: underline; color: #0000ff;\"><a style=\"color: #0000ff; text-decoration: underline;\" href=\"https:\/\/clustercollaboration.eu\/\">https:\/\/clustercollaboration.eu\/<\/a><\/span><\/p><p><span style=\"text-decoration: underline; color: #0000ff;\"><a style=\"color: #0000ff; text-decoration: underline;\" href=\"http:\/\/www.uniclad.net\">www.uniclad.net<\/a><\/span><\/p><p><span style=\"text-decoration: underline; color: #0000ff;\"><a style=\"color: #0000ff; text-decoration: underline;\" href=\"https:\/\/cluster-analysis.org\/\">https:\/\/cluster-analysis.org\/<\/a><\/span><\/p>\t\t\t\t\t\t<\/div>\n\t\t\t\t<\/div>\n\t\t\t\t\t<\/div>\n\t\t\t\t<\/div>\n\t\t\t\t<\/div>\n\t\t","protected":false},"excerpt":{"rendered":"<p>T\u0259liml\u0259r \u2713\u00a0Layih\u0259l\u0259rin \u0130dar\u0259olunmas\u0131 \u2713\u00a0Layih\u0259 konseptinin haz\u0131rlanmas\u0131 \u2713\u00a0M\u0259lumatlar \u00fcz\u0259rind\u0259n \u00e7evik q\u0259rar q\u0259bul etm\u0259 mexanizml\u0259ri \u2713\u00a0Innovasiya Menecmenti \u2713\u00a0M\u0259hsulun inki\u015faf etdirilm\u0259si \u2713\u00a0Dayan\u0131ql\u0131l\u0131q prinsipl\u0259ri \u2713\u00a0\u0130T texnologiyalar\u0131n Marketinqi Resurslar https:\/\/clustercollaboration.eu\/ www.uniclad.net https:\/\/cluster-analysis.org\/<\/p>\n","protected":false},"author":1,"featured_media":671,"parent":162,"menu_order":0,"comment_status":"closed","ping_status":"closed","template":"","meta":{"footnotes":""},"class_list":["post-578","page","type-page","status-publish","has-post-thumbnail"],"_links":{"self":[{"href":"https:\/\/www.aztu.edu.az\/sub-site\/wp-json\/wp\/v2\/pages\/578","targetHints":{"allow":["GET"]}}],"collection":[{"href":"https:\/\/www.aztu.edu.az\/sub-site\/wp-json\/wp\/v2\/pages"}],"about":[{"href":"https:\/\/www.aztu.edu.az\/sub-site\/wp-json\/wp\/v2\/types\/page"}],"author":[{"embeddable":true,"href":"https:\/\/www.aztu.edu.az\/sub-site\/wp-json\/wp\/v2\/users\/1"}],"replies":[{"embeddable":true,"href":"https:\/\/www.aztu.edu.az\/sub-site\/wp-json\/wp\/v2\/comments?post=578"}],"version-history":[{"count":39,"href":"https:\/\/www.aztu.edu.az\/sub-site\/wp-json\/wp\/v2\/pages\/578\/revisions"}],"predecessor-version":[{"id":978,"href":"https:\/\/www.aztu.edu.az\/sub-site\/wp-json\/wp\/v2\/pages\/578\/revisions\/978"}],"up":[{"embeddable":true,"href":"https:\/\/www.aztu.edu.az\/sub-site\/wp-json\/wp\/v2\/pages\/162"}],"wp:featuredmedia":[{"embeddable":true,"href":"https:\/\/www.aztu.edu.az\/sub-site\/wp-json\/wp\/v2\/media\/671"}],"wp:attachment":[{"href":"https:\/\/www.aztu.edu.az\/sub-site\/wp-json\/wp\/v2\/media?parent=578"}],"curies":[{"name":"wp","href":"https:\/\/api.w.org\/{rel}","templated":true}]}}