{"id":580,"date":"2024-02-23T05:39:14","date_gmt":"2024-02-23T05:39:14","guid":{"rendered":"https:\/\/www.aztu.edu.az\/sub-site\/?page_id=580"},"modified":"2024-04-09T16:43:30","modified_gmt":"2024-04-09T12:43:30","slug":"cooperation","status":"publish","type":"page","link":"https:\/\/www.aztu.edu.az\/sub-site\/uniclad\/cooperation\/","title":{"rendered":"\u018fm\u0259kda\u015fl\u0131q"},"content":{"rendered":"\t\t<div data-elementor-type=\"wp-page\" data-elementor-id=\"580\" class=\"elementor elementor-580\">\n\t\t\t\t<div class=\"elementor-element elementor-element-3fdb4ba e-flex e-con-boxed e-con e-parent\" data-id=\"3fdb4ba\" data-element_type=\"container\">\n\t\t\t\t\t<div class=\"e-con-inner\">\n\t\t\t\t<div class=\"elementor-element elementor-element-54e3e95 elementor-widget elementor-widget-heading\" data-id=\"54e3e95\" data-element_type=\"widget\" data-widget_type=\"heading.default\">\n\t\t\t\t<div class=\"elementor-widget-container\">\n\t\t\t<style>\/*! elementor - v3.21.0 - 30-04-2024 *\/\n.elementor-heading-title{padding:0;margin:0;line-height:1}.elementor-widget-heading .elementor-heading-title[class*=elementor-size-]>a{color:inherit;font-size:inherit;line-height:inherit}.elementor-widget-heading .elementor-heading-title.elementor-size-small{font-size:15px}.elementor-widget-heading .elementor-heading-title.elementor-size-medium{font-size:19px}.elementor-widget-heading .elementor-heading-title.elementor-size-large{font-size:29px}.elementor-widget-heading .elementor-heading-title.elementor-size-xl{font-size:39px}.elementor-widget-heading .elementor-heading-title.elementor-size-xxl{font-size:59px}<\/style><h2 class=\"elementor-heading-title elementor-size-default\">\u018fm\u0259kda\u015fl\u0131q<\/h2>\t\t<\/div>\n\t\t\t\t<\/div>\n\t\t\t\t\t<\/div>\n\t\t\t\t<\/div>\n\t\t<div class=\"elementor-element elementor-element-6a648d4 e-grid e-con-boxed e-con e-parent\" data-id=\"6a648d4\" data-element_type=\"container\">\n\t\t\t\t\t<div class=\"e-con-inner\">\n\t\t\t\t<div class=\"elementor-element elementor-element-b306ede elementor-position-top elementor-widget elementor-widget-image-box\" data-id=\"b306ede\" data-element_type=\"widget\" data-widget_type=\"image-box.default\">\n\t\t\t\t<div class=\"elementor-widget-container\">\n\t\t\t<style>\/*! elementor - v3.21.0 - 30-04-2024 *\/\n.elementor-widget-image-box .elementor-image-box-content{width:100%}@media (min-width:768px){.elementor-widget-image-box.elementor-position-left .elementor-image-box-wrapper,.elementor-widget-image-box.elementor-position-right .elementor-image-box-wrapper{display:flex}.elementor-widget-image-box.elementor-position-right .elementor-image-box-wrapper{text-align:end;flex-direction:row-reverse}.elementor-widget-image-box.elementor-position-left .elementor-image-box-wrapper{text-align:start;flex-direction:row}.elementor-widget-image-box.elementor-position-top .elementor-image-box-img{margin:auto}.elementor-widget-image-box.elementor-vertical-align-top .elementor-image-box-wrapper{align-items:flex-start}.elementor-widget-image-box.elementor-vertical-align-middle .elementor-image-box-wrapper{align-items:center}.elementor-widget-image-box.elementor-vertical-align-bottom .elementor-image-box-wrapper{align-items:flex-end}}@media (max-width:767px){.elementor-widget-image-box .elementor-image-box-img{margin-left:auto!important;margin-right:auto!important;margin-bottom:15px}}.elementor-widget-image-box .elementor-image-box-img{display:inline-block}.elementor-widget-image-box .elementor-image-box-title a{color:inherit}.elementor-widget-image-box .elementor-image-box-wrapper{text-align:center}.elementor-widget-image-box .elementor-image-box-description{margin:0}<\/style><div class=\"elementor-image-box-wrapper\"><figure class=\"elementor-image-box-img\"><img fetchpriority=\"high\" decoding=\"async\" width=\"257\" height=\"257\" src=\"https:\/\/www.aztu.edu.az\/sub-site\/wp-content\/uploads\/2024\/03\/aim.png\" class=\"attachment-full size-full wp-image-768\" alt=\"\" srcset=\"https:\/\/www.aztu.edu.az\/sub-site\/wp-content\/uploads\/2024\/03\/aim.png 257w, https:\/\/www.aztu.edu.az\/sub-site\/wp-content\/uploads\/2024\/03\/aim-150x150.png 150w\" sizes=\"(max-width: 257px) 100vw, 257px\" \/><\/figure><div class=\"elementor-image-box-content\"><h3 class=\"elementor-image-box-title\"><a style=\"color:#0e205b; text-decoration:underline;\" href=\"http:\/\/aim.gov.az\/az\">Aqrar \u0130nnovasiya M\u0259rk\u0259zi<\/a><\/h3><\/div><\/div>\t\t<\/div>\n\t\t\t\t<\/div>\n\t\t\t\t<div class=\"elementor-element elementor-element-cbd3e58 elementor-position-top elementor-widget elementor-widget-image-box\" data-id=\"cbd3e58\" data-element_type=\"widget\" data-widget_type=\"image-box.default\">\n\t\t\t\t<div class=\"elementor-widget-container\">\n\t\t\t<div class=\"elementor-image-box-wrapper\"><figure class=\"elementor-image-box-img\"><img decoding=\"async\" width=\"1280\" height=\"1280\" src=\"https:\/\/www.aztu.edu.az\/sub-site\/wp-content\/uploads\/2024\/04\/balaken-toxum-logo-1.webp\" class=\"attachment-full size-full wp-image-983\" alt=\"\" srcset=\"https:\/\/www.aztu.edu.az\/sub-site\/wp-content\/uploads\/2024\/04\/balaken-toxum-logo-1.webp 1280w, https:\/\/www.aztu.edu.az\/sub-site\/wp-content\/uploads\/2024\/04\/balaken-toxum-logo-1-300x300.webp 300w, https:\/\/www.aztu.edu.az\/sub-site\/wp-content\/uploads\/2024\/04\/balaken-toxum-logo-1-1024x1024.webp 1024w, https:\/\/www.aztu.edu.az\/sub-site\/wp-content\/uploads\/2024\/04\/balaken-toxum-logo-1-150x150.webp 150w, https:\/\/www.aztu.edu.az\/sub-site\/wp-content\/uploads\/2024\/04\/balaken-toxum-logo-1-768x768.webp 768w\" sizes=\"(max-width: 1280px) 100vw, 1280px\" \/><\/figure><div class=\"elementor-image-box-content\"><h3 class=\"elementor-image-box-title\"><a style=\"color:#0e205b; text-decoration:underline;\" href=https:\/\/baltom.az\/>Balak\u0259n Toxum<\/a><\/h3><\/div><\/div>\t\t<\/div>\n\t\t\t\t<\/div>\n\t\t\t\t<div class=\"elementor-element elementor-element-5d0d311 elementor-position-top elementor-widget elementor-widget-image-box\" data-id=\"5d0d311\" data-element_type=\"widget\" data-widget_type=\"image-box.default\">\n\t\t\t\t<div class=\"elementor-widget-container\">\n\t\t\t<div class=\"elementor-image-box-wrapper\"><figure class=\"elementor-image-box-img\"><img decoding=\"async\" width=\"174\" height=\"102\" src=\"https:\/\/www.aztu.edu.az\/sub-site\/wp-content\/uploads\/2024\/04\/mainLogo.png\" class=\"attachment-full size-full wp-image-987\" alt=\"\" \/><\/figure><div class=\"elementor-image-box-content\"><h3 class=\"elementor-image-box-title\"><a style=\"color:#0e205b; text-decoration:underline;\" href=https:\/\/www.agrovita.az\/\/>Aqovita MMC<\/a><\/h3><\/div><\/div>\t\t<\/div>\n\t\t\t\t<\/div>\n\t\t\t\t\t<\/div>\n\t\t\t\t<\/div>\n\t\t\t\t<\/div>\n\t\t","protected":false},"excerpt":{"rendered":"<p>\u018fm\u0259kda\u015fl\u0131q Aqrar \u0130nnovasiya M\u0259rk\u0259zi Balak\u0259n Toxum Aqovita MMC<\/p>\n","protected":false},"author":1,"featured_media":671,"parent":162,"menu_order":0,"comment_status":"closed","ping_status":"closed","template":"","meta":{"footnotes":""},"class_list":["post-580","page","type-page","status-publish","has-post-thumbnail"],"_links":{"self":[{"href":"https:\/\/www.aztu.edu.az\/sub-site\/wp-json\/wp\/v2\/pages\/580","targetHints":{"allow":["GET"]}}],"collection":[{"href":"https:\/\/www.aztu.edu.az\/sub-site\/wp-json\/wp\/v2\/pages"}],"about":[{"href":"https:\/\/www.aztu.edu.az\/sub-site\/wp-json\/wp\/v2\/types\/page"}],"author":[{"embeddable":true,"href":"https:\/\/www.aztu.edu.az\/sub-site\/wp-json\/wp\/v2\/users\/1"}],"replies":[{"embeddable":true,"href":"https:\/\/www.aztu.edu.az\/sub-site\/wp-json\/wp\/v2\/comments?post=580"}],"version-history":[{"count":15,"href":"https:\/\/www.aztu.edu.az\/sub-site\/wp-json\/wp\/v2\/pages\/580\/revisions"}],"predecessor-version":[{"id":993,"href":"https:\/\/www.aztu.edu.az\/sub-site\/wp-json\/wp\/v2\/pages\/580\/revisions\/993"}],"up":[{"embeddable":true,"href":"https:\/\/www.aztu.edu.az\/sub-site\/wp-json\/wp\/v2\/pages\/162"}],"wp:featuredmedia":[{"embeddable":true,"href":"https:\/\/www.aztu.edu.az\/sub-site\/wp-json\/wp\/v2\/media\/671"}],"wp:attachment":[{"href":"https:\/\/www.aztu.edu.az\/sub-site\/wp-json\/wp\/v2\/media?parent=580"}],"curies":[{"name":"wp","href":"https:\/\/api.w.org\/{rel}","templated":true}]}}